{"id":82,"date":"2022-01-17T18:56:24","date_gmt":"2022-01-17T18:56:24","guid":{"rendered":"https:\/\/sonosfera.co\/?page_id=82"},"modified":"2022-03-06T21:06:50","modified_gmt":"2022-03-06T21:06:50","slug":"creditos","status":"publish","type":"page","link":"https:\/\/sonosfera.co\/index.php\/creditos\/","title":{"rendered":"Cr\u00e9ditos y licencias"},"content":{"rendered":"\t\t<div data-elementor-type=\"wp-page\" data-elementor-id=\"82\" class=\"elementor elementor-82\" data-elementor-post-type=\"page\">\n\t\t\t\t\t\t<section class=\"elementor-section elementor-top-section elementor-element elementor-element-7838e2b0 elementor-section-boxed elementor-section-height-default elementor-section-height-default\" data-id=\"7838e2b0\" data-element_type=\"section\">\n\t\t\t\t\t\t<div class=\"elementor-container elementor-column-gap-default\">\n\t\t\t\t\t<div class=\"elementor-column elementor-col-100 elementor-top-column elementor-element elementor-element-40b2740d\" data-id=\"40b2740d\" data-element_type=\"column\">\n\t\t\t<div class=\"elementor-widget-wrap elementor-element-populated\">\n\t\t\t\t\t\t\t<\/div>\n\t\t<\/div>\n\t\t\t\t\t<\/div>\n\t\t<\/section>\n\t\t\t\t<section class=\"elementor-section elementor-top-section elementor-element elementor-element-f8d1778 elementor-section-full_width elementor-section-height-default elementor-section-height-default\" data-id=\"f8d1778\" data-element_type=\"section\">\n\t\t\t\t\t\t<div class=\"elementor-container elementor-column-gap-default\">\n\t\t\t\t\t<div class=\"elementor-column elementor-col-100 elementor-top-column elementor-element elementor-element-cabcbaa\" data-id=\"cabcbaa\" data-element_type=\"column\">\n\t\t\t<div class=\"elementor-widget-wrap elementor-element-populated\">\n\t\t\t\t\t\t<div class=\"elementor-element elementor-element-7aac2b9 elementor-widget elementor-widget-heading\" data-id=\"7aac2b9\" data-element_type=\"widget\" data-widget_type=\"heading.default\">\n\t\t\t\t<div class=\"elementor-widget-container\">\n\t\t\t\t\t<h5 class=\"elementor-heading-title elementor-size-default\">Cr\u00e9ditos y licencias<\/h5>\t\t\t\t<\/div>\n\t\t\t\t<\/div>\n\t\t\t\t<div class=\"elementor-element elementor-element-f20cb69 elementor-widget elementor-widget-text-editor\" data-id=\"f20cb69\" data-element_type=\"widget\" data-widget_type=\"text-editor.default\">\n\t\t\t\t<div class=\"elementor-widget-container\">\n\t\t\t\t\t\t\t\t\t<p>Los documentos sonoros de la Son\u00f3sfera Bellanita se encuentran bajo Licencia Creative Commons Atribuci\u00f3n 4.0 Internacional.<\/p><p><strong>Usted es libre de:<\/strong><\/p><p>Compartir \u2014 copiar y redistribuir el material en cualquier medio o formato.<\/p><p><br \/>Adaptar \u2014 remezclar, transformar y construir a partir del material<\/p><p>\u00a0<\/p><p>El licenciante no puede revocar estas libertades en tanto usted siga los t\u00e9rminos de la licencia<\/p><p>\u00a0<\/p><p><strong>Bajo los siguientes t\u00e9rminos<\/strong><\/p><p>Atribuci\u00f3n\u00a0\u2014\u00a0Usted debe dar\u00a0cr\u00e9dito de manera adecuada, brindar un enlace a la licencia, e\u00a0indicar si se han realizado cambios. Puede hacerlo en cualquier forma razonable, pero no de forma tal que sugiera que usted o su uso tienen el apoyo de la licenciante.<\/p><p>\u00a0<\/p><p>No Comercial \u2014 Usted no puede hacer uso del material con prop\u00f3sitos comerciales.<\/p><p>\u00a0<\/p><p>Compartir Igual \u2014 Si remezcla, transforma o crea a partir del material, debe distribuir su contribuci\u00f3n bajo la la misma licencia del original.<\/p>\t\t\t\t\t\t\t\t<\/div>\n\t\t\t\t<\/div>\n\t\t\t\t\t<\/div>\n\t\t<\/div>\n\t\t\t\t\t<\/div>\n\t\t<\/section>\n\t\t\t\t<section class=\"elementor-section elementor-top-section elementor-element elementor-element-681eced elementor-section-boxed elementor-section-height-default elementor-section-height-default\" data-id=\"681eced\" data-element_type=\"section\">\n\t\t\t\t\t\t<div class=\"elementor-container elementor-column-gap-default\">\n\t\t\t\t\t<div class=\"elementor-column elementor-col-100 elementor-top-column elementor-element elementor-element-c3fb95f\" data-id=\"c3fb95f\" data-element_type=\"column\">\n\t\t\t<div class=\"elementor-widget-wrap elementor-element-populated\">\n\t\t\t\t\t\t<div class=\"elementor-element elementor-element-5e84e26 elementor-widget elementor-widget-text-editor\" data-id=\"5e84e26\" data-element_type=\"widget\" data-widget_type=\"text-editor.default\">\n\t\t\t\t<div class=\"elementor-widget-container\">\n\t\t\t\t\t\t\t\t\t<p>Puedes solicitar el banco de sonidos de la Son\u00f3sfera Bellanita a trav\u00e9s del siguiente enlace: <a href=\"https:\/\/sonosfera.co\/index.php\/contacto\/\">Contacto<\/a><\/p>\t\t\t\t\t\t\t\t<\/div>\n\t\t\t\t<\/div>\n\t\t\t\t\t<\/div>\n\t\t<\/div>\n\t\t\t\t\t<\/div>\n\t\t<\/section>\n\t\t\t\t<\/div>\n\t\t","protected":false},"excerpt":{"rendered":"<p>Cr\u00e9ditos y licencias Los documentos sonoros de la Son\u00f3sfera Bellanita se encuentran bajo Licencia Creative Commons Atribuci\u00f3n 4.0 Internacional. Usted es libre de: Compartir \u2014 copiar y redistribuir el material en cualquier medio o formato. Adaptar \u2014 remezclar, transformar y construir a partir del material \u00a0 El licenciante no puede revocar estas libertades en tanto<a class=\"more-link\" href=\"https:\/\/sonosfera.co\/index.php\/creditos\/\">Seguir leyendo <span class=\"screen-reader-text\">&#8220;Cr\u00e9ditos y licencias&#8221;<\/span><\/a><\/p>\n","protected":false},"author":1,"featured_media":0,"parent":0,"menu_order":0,"comment_status":"closed","ping_status":"closed","template":"","meta":{"om_disable_all_campaigns":false,"footnotes":""},"class_list":["post-82","page","type-page","status-publish","hentry","entry"],"aioseo_notices":[],"_links":{"self":[{"href":"https:\/\/sonosfera.co\/index.php\/wp-json\/wp\/v2\/pages\/82","targetHints":{"allow":["GET"]}}],"collection":[{"href":"https:\/\/sonosfera.co\/index.php\/wp-json\/wp\/v2\/pages"}],"about":[{"href":"https:\/\/sonosfera.co\/index.php\/wp-json\/wp\/v2\/types\/page"}],"author":[{"embeddable":true,"href":"https:\/\/sonosfera.co\/index.php\/wp-json\/wp\/v2\/users\/1"}],"replies":[{"embeddable":true,"href":"https:\/\/sonosfera.co\/index.php\/wp-json\/wp\/v2\/comments?post=82"}],"version-history":[{"count":23,"href":"https:\/\/sonosfera.co\/index.php\/wp-json\/wp\/v2\/pages\/82\/revisions"}],"predecessor-version":[{"id":598,"href":"https:\/\/sonosfera.co\/index.php\/wp-json\/wp\/v2\/pages\/82\/revisions\/598"}],"wp:attachment":[{"href":"https:\/\/sonosfera.co\/index.php\/wp-json\/wp\/v2\/media?parent=82"}],"curies":[{"name":"wp","href":"https:\/\/api.w.org\/{rel}","templated":true}]}}